{"id":7345,"date":"2023-01-27T04:53:02","date_gmt":"2023-01-27T04:53:02","guid":{"rendered":"https:\/\/pts-med.com\/?page_id=7345"},"modified":"2025-02-11T14:30:49","modified_gmt":"2025-02-11T14:30:49","slug":"privacyold","status":"publish","type":"page","link":"https:\/\/nucliex.com\/it\/privacyold\/","title":{"rendered":"Privacy Old"},"content":{"rendered":"<section class=\"wpb-content-wrapper\">\r\n<div class=\"ts-row wpb_row vc_row-fluid ts-total-col-1 ts-zindex-0 vc_row container ts-bgimage-position-center_center\">\r\n\r\n        \r\n\t\r\n\t\r\n\t\t\r\n<div class=\"ts-column wpb_column vc_column_container vc_col-sm-12 ts-zindex-0\">\r\n\t<div class=\"vc_column-inner\">\r\n\t\t\t\t<div class=\"wpb_wrapper\">\r\n\t\t\t<h2 style=\"text-align:left;\" class=\"ts-custom-heading\" >Privacy Policy<\/h2>\n\r\n<div class=\"ts-row-inner vc_row wpb_row vc_inner vc_row-fluid ts-zindex-0\">\r\n\t\r\n<div class=\"ts-column-inner wpb_column vc_column_container vc_col-sm-12 ts-zindex-0\">\r\n\t<div class=\"vc_column-inner\">\r\n\t\t \r\n\t\t<div class=\"wpb_wrapper\">\r\n\t\t\t<h2 style=\"text-align:left;\" class=\"ts-custom-heading\" >Normative attualmente in vigore<\/h2>\n\n\t<div class=\"wpb_text_column wpb_content_element\" >\n\t\t<div class=\"wpb_wrapper\">\n\t\t\t<p><strong>Directive 95\/46\/CE \u2013<\/strong> \u201csulla tutela delle persone fisiche con riguardo al trattamento dei dati personali, nonche\u2019 alla libera circolazione di tali dati\u201d<\/p>\n<p><strong>Directive 2002\/58\/CE \u2013<\/strong> \u201cconcerning the processing of personal data and the protection of privacy in the electronic communications sector\u201d<\/p>\n<p><strong>Legislative Decree 30 June 2003, n. 196 \u2013<\/strong> \u201cPersonal Data Protection Code\u201d<\/p>\n\n\t\t<\/div>\n\t<\/div>\n\t\t<\/div>\r\n\t<\/div>\r\n<\/div>\r\n\r\n<\/div>\r\n\r\n\r\n<div class=\"ts-row-inner vc_row wpb_row vc_inner vc_row-fluid ts-zindex-0\">\r\n\t\r\n<div class=\"ts-column-inner wpb_column vc_column_container vc_col-sm-12 ts-zindex-0\">\r\n\t<div class=\"vc_column-inner\">\r\n\t\t \r\n\t\t<div class=\"wpb_wrapper\">\r\n\t\t\t<h2 style=\"text-align:left;\" class=\"ts-custom-heading\" >Il \u201cTitolare\u201d del trattamento<\/h2>\n\n\t<div class=\"wpb_text_column wpb_content_element\" >\n\t\t<div class=\"wpb_wrapper\">\n\t\t\t<p>A seguito della consultazione di questo sito possono essere trattati dati relativi a persone identificate o identificabili.<\/p>\n<p>The data controller is Petroservices Mediterranea, with registered office in Siracusa (Italy), Viale Teracati 51\/L.<\/p>\n\n\t\t<\/div>\n\t<\/div>\n\t\t<\/div>\r\n\t<\/div>\r\n<\/div>\r\n\r\n<\/div>\r\n\r\n\r\n<div class=\"ts-row-inner vc_row wpb_row vc_inner vc_row-fluid ts-zindex-0\">\r\n\t\r\n<div class=\"ts-column-inner wpb_column vc_column_container vc_col-sm-12 ts-zindex-0\">\r\n\t<div class=\"vc_column-inner\">\r\n\t\t \r\n\t\t<div class=\"wpb_wrapper\">\r\n\t\t\t<h2 style=\"text-align:left;\" class=\"ts-custom-heading\" >Luogo di trattamento dei dati<\/h2>\n\n\t<div class=\"wpb_text_column wpb_content_element\" >\n\t\t<div class=\"wpb_wrapper\">\n\t\t\t<p>I trattamenti connessi ai servizi web di questo sito sono curati presso la predetta sede di Caltanissetta e solo da personale incaricato del suddetto  trattamento. ovvero da parti terze che, in caso di necessit\u00e0 di volta in volta, si occupano di attivit\u00e0 di manutenzione del sito.<\/p>\n<p>Nessun dato derivante dai servizi web del presente sito e\u2019 comunicato o diffuso.<\/p>\n\n\t\t<\/div>\n\t<\/div>\n\t\t<\/div>\r\n\t<\/div>\r\n<\/div>\r\n\r\n<\/div>\r\n\r\n\r\n<div class=\"ts-row-inner vc_row wpb_row vc_inner vc_row-fluid ts-zindex-0\">\r\n\t\r\n<div class=\"ts-column-inner wpb_column vc_column_container vc_col-sm-12 ts-zindex-0\">\r\n\t<div class=\"vc_column-inner\">\r\n\t\t \r\n\t\t<div class=\"wpb_wrapper\">\r\n\t\t\t<h2 style=\"text-align:left;\" class=\"ts-custom-heading\" >Dati di navigazione<\/h2>\n\n\t<div class=\"wpb_text_column wpb_content_element\" >\n\t\t<div class=\"wpb_wrapper\">\n\t\t\t<p>I sistemi informatici e le procedure software preposte al funzionamento di questo sito web possono acquisire, nel corso del loro normale esercizio, alcuni dati personali la cui trasmissione \u00e8 implicita nell\u2019uso dei protocolli di comunicazione di Internet<\/p>\n<p>I suddetti dati personali non sono raccolti al fine di essere associati ad alcuna persona ben identificata, sebbene, attraverso elaborazioni ed associazioni con dati detenuti da terzi, per loro stessa natura potrebbero permettere di identificare gli utenti.<\/p>\n<p>In questa categoria possono rientrare gli indirizzi IP o i nomi a dominio dei computer utilizzati dagli utenti che si connettono al sito, gli indirizzi in notazione URI (Uniform Resource Identifier) delle risorse richieste, l\u2019orario della richiesta, il metodo utilizzato nel sottoporre la richiesta al server, la dimensione del file ottenuto in risposta, il codice numerico indicante lo stato della risposta data dal server (buon fine, errore, ecc.) ed altri parametri relativi al sistema operativo e all\u2019ambiente informatico del visitatore.<\/p>\n<p>Questi dati vengono utilizzati al solo fine di ricavare informazioni statistiche anonime sull\u2019uso del sito e per controllarne il corretto funzionamento e vengono cancellati immediatamente dopo l\u2019elaborazione. I dati potrebbero essere utilizzati per l\u2019accertamento di responsabilit\u00e0 in caso di ipotetici reati informatici ai danni del sito; al di fuori di tale circostanza i dati sono al momento conservati per non piu\u2019 di sette giorni.<\/p>\n\n\t\t<\/div>\n\t<\/div>\n\t\t<\/div>\r\n\t<\/div>\r\n<\/div>\r\n\r\n<\/div>\r\n\r\n\r\n<div class=\"ts-row-inner vc_row wpb_row vc_inner vc_row-fluid ts-zindex-0\">\r\n\t\r\n<div class=\"ts-column-inner wpb_column vc_column_container vc_col-sm-12 ts-zindex-0\">\r\n\t<div class=\"vc_column-inner\">\r\n\t\t \r\n\t\t<div class=\"wpb_wrapper\">\r\n\t\t\t<h2 style=\"text-align:left;\" class=\"ts-custom-heading\" >Dati forniti volontariamante dagli utenti.<\/h2>\n\n\t<div class=\"wpb_text_column wpb_content_element\" >\n\t\t<div class=\"wpb_wrapper\">\n\t\t\t<p>La messa a disposizione facoltativa, espressa e volontaria di dati personali per mezzo di moduli di registrazione contenuti nel presente sito comporta la susseguente acquisizione dei degli stessi dati. Questi dati verranno trattati con lo scopo di rispondere al servizio richiesto. Informazioni specifiche alle persone interessate verranno progressivamente riportate o visualizzate nelle pagine del sito predisposte per particolari servizi a richiesta.<\/p>\n\n\t\t<\/div>\n\t<\/div>\n\t\t<\/div>\r\n\t<\/div>\r\n<\/div>\r\n\r\n<\/div>\r\n\r\n\r\n<div class=\"ts-row-inner vc_row wpb_row vc_inner vc_row-fluid ts-zindex-0\">\r\n\t\r\n<div class=\"ts-column-inner wpb_column vc_column_container vc_col-sm-12 ts-zindex-0\">\r\n\t<div class=\"vc_column-inner\">\r\n\t\t \r\n\t\t<div class=\"wpb_wrapper\">\r\n\t\t\t<h2 style=\"text-align:left;\" class=\"ts-custom-heading\" >Cookies<\/h2>\n\n\t<div class=\"wpb_text_column wpb_content_element\" >\n\t\t<div class=\"wpb_wrapper\">\n\t\t\t<p>Nessun dato personale degli utenti viene in proposito acquisito dal sito.<\/p>\n<p>Non viene fatto uso di cookie per la trasmissione di informazioni di carattere personale, n\u00e9 vengono utilizzati c.d. cookie persistenti di alcun tipo, ovvero sistemi per il tracciamento degli utenti.<\/p>\n<p>L\u2019uso dei cosiddetti cookie tecnici di sessione, che non vengono memorizzati in modo persistente sul computer del visitatore e svaniscono con la chiusura del browser, si limita esclusivamente alla trasmissione di identificativi di sessione, costituiti da numeri casuali generati dal server, per consentire l\u2019esplorazione sicura ed efficiente del sito.<\/p>\n<p>I cosiddetti cookies di sessione utilizzati in questo sito rendono surpeflua l\u2019attuazione di altre tecniche informatiche potenzialmente pregiudizievoli per la riservatezza della navigazione degli utenti, mentre non consentono l\u2019acquisizione di dati personali identificativi dell\u2019utente.<\/p>\n\n\t\t<\/div>\n\t<\/div>\n\t\t<\/div>\r\n\t<\/div>\r\n<\/div>\r\n\r\n<\/div>\r\n\r\n\r\n<div class=\"ts-row-inner vc_row wpb_row vc_inner vc_row-fluid ts-zindex-0\">\r\n\t\r\n<div class=\"ts-column-inner wpb_column vc_column_container vc_col-sm-12 ts-zindex-0\">\r\n\t<div class=\"vc_column-inner\">\r\n\t\t \r\n\t\t<div class=\"wpb_wrapper\">\r\n\t\t\t<h2 style=\"text-align:left;\" class=\"ts-custom-heading\" >Trasmissione volontaria di dati personali.<\/h2>\n\n\t<div class=\"wpb_text_column wpb_content_element\" >\n\t\t<div class=\"wpb_wrapper\">\n\t\t\t<p>A parte quanto specificato per i dati di navigazione, l\u2019utente \u00e8 libero di fornire i propri dati personali. La mancata trasmissione di tali dati pu\u00f2 comportare l\u2019incapacit\u00e0 di ottenere i servizi richiesti o pu\u00f2 compromettere la funzionalit\u00e0 di alcune parti del sito.<\/p>\n\n\t\t<\/div>\n\t<\/div>\n\t\t<\/div>\r\n\t<\/div>\r\n<\/div>\r\n\r\n<\/div>\r\n\r\n\r\n<div class=\"ts-row-inner vc_row wpb_row vc_inner vc_row-fluid ts-zindex-0\">\r\n\t\r\n<div class=\"ts-column-inner wpb_column vc_column_container vc_col-sm-12 ts-zindex-0\">\r\n\t<div class=\"vc_column-inner\">\r\n\t\t \r\n\t\t<div class=\"wpb_wrapper\">\r\n\t\t\t<h2 style=\"text-align:left;\" class=\"ts-custom-heading\" >Modalita\u2019 del trattamento<\/h2>\n\n\t<div class=\"wpb_text_column wpb_content_element\" >\n\t\t<div class=\"wpb_wrapper\">\n\t\t\t<p>Gli eventuali dati personali sono trattati con strumenti automatizzati per il tempo strettamente necessario a conseguire gli scopi per cui sono stati raccolti.<\/p>\n<p>Specifiche misure di sicurezza sono osservate per prevenire la perdita dei dati, usi illeciti o non corretti ed accessi non autorizzati.<\/p>\n\n\t\t<\/div>\n\t<\/div>\n\t\t<\/div>\r\n\t<\/div>\r\n<\/div>\r\n\r\n<\/div>\r\n\r\n\r\n<div class=\"ts-row-inner vc_row wpb_row vc_inner vc_row-fluid ts-zindex-0\">\r\n\t\r\n<div class=\"ts-column-inner wpb_column vc_column_container vc_col-sm-12 ts-zindex-0\">\r\n\t<div class=\"vc_column-inner\">\r\n\t\t \r\n\t\t<div class=\"wpb_wrapper\">\r\n\t\t\t<h2 style=\"text-align:left;\" class=\"ts-custom-heading\" >Comunicazione e diffusione dei dati<\/h2>\n\n\t<div class=\"wpb_text_column wpb_content_element\" >\n\t\t<div class=\"wpb_wrapper\">\n\t\t\t<p>I dati personali possono essere trasferiti o comunicati a terzi al fine del loro trattamento strettamente connesso e strumentale all\u2019operativit\u00e0 del servizio, come la gestione del sistema di elaborazione dati. I dati personali potranno essere comunicati a terzi, se necessario per adempiere a richieste dell\u2019Autorit\u00e0 Giudiziaria o di Pubblica Sicurezza. Fuori di questi casi, i suddetti dati non saranno in alcun modo diffusi.<\/p>\n\n\t\t<\/div>\n\t<\/div>\n\t\t<\/div>\r\n\t<\/div>\r\n<\/div>\r\n\r\n<\/div>\r\n\r\n\r\n<div class=\"ts-row-inner vc_row wpb_row vc_inner vc_row-fluid ts-zindex-0\">\r\n\t\r\n<div class=\"ts-column-inner wpb_column vc_column_container vc_col-sm-12 ts-zindex-0\">\r\n\t<div class=\"vc_column-inner\">\r\n\t\t \r\n\t\t<div class=\"wpb_wrapper\">\r\n\t\t\t<h2 style=\"text-align:left;\" class=\"ts-custom-heading\" >Diritti degli interessati<\/h2>\n\n\t<div class=\"wpb_text_column wpb_content_element\" >\n\t\t<div class=\"wpb_wrapper\">\n\t\t\t<p>I soggetti cui si riferiscono gli eventuali dati personali hanno il diritto in qualunque momento di ottenere la conferma dell\u2019esistenza o meno dei medesimi dati e di conoscerne il contenuto e l\u2019origine, verificarne l\u2019esattezza o chiederne l\u2019integrazione o l\u2019aggiornamento, oppure la rettificazione (articolo 7 del Codice in materia di protezione dei dati personali).Ai sensi del medesimo articolo si ha il diritto di chiedere la cancellazione, la trasformazione in forma anonima o il blocco dei dati trattati in violazione di legge, nonch\u00e9 di opporsi in ogni caso, per motivi legittimi, al loro trattamento.<\/p>\n\n\t\t<\/div>\n\t<\/div>\n\t\t<\/div>\r\n\t<\/div>\r\n<\/div>\r\n\r\n<\/div>\r\n\r\n\r\n<div class=\"ts-row-inner vc_row wpb_row vc_inner vc_row-fluid ts-zindex-0\">\r\n\t\r\n<div class=\"ts-column-inner wpb_column vc_column_container vc_col-sm-12 ts-zindex-0\">\r\n\t<div class=\"vc_column-inner\">\r\n\t\t \r\n\t\t<div class=\"wpb_wrapper\">\r\n\t\t\t<h2 style=\"text-align:left;\" class=\"ts-custom-heading\" >Modifiche alla Privacy Policy<\/h2>\n\n\t<div class=\"wpb_text_column wpb_content_element\" >\n\t\t<div class=\"wpb_wrapper\">\n\t\t\t<p>Petroservices Mediterranea Srl. controlla regolarmente la privacy policy e, se necessario, apporta le modifiche indotte dalla legge, le modifiche organizzative, o quelle dettate dall\u2019evoluzione tecnologica. Eventuali modifiche saranno pubblicate in questa sezione.<\/p>\n\n\t\t<\/div>\n\t<\/div>\n\t\t<\/div>\r\n\t<\/div>\r\n<\/div>\r\n\r\n<\/div>\r\n\r\n\r\n<div class=\"ts-row-inner vc_row wpb_row vc_inner vc_row-fluid ts-zindex-0\">\r\n\t\r\n<div class=\"ts-column-inner wpb_column vc_column_container vc_col-sm-12 ts-zindex-0\">\r\n\t<div class=\"vc_column-inner\">\r\n\t\t \r\n\t\t<div class=\"wpb_wrapper\">\r\n\t\t\t<h2 style=\"text-align:left;\" class=\"ts-custom-heading\" >Reclami e suggerimenti<br \/>\n<\/h2>\n\n\t<div class=\"wpb_text_column wpb_content_element\" >\n\t\t<div class=\"wpb_wrapper\">\n\t\t\t<p>Whoever might be interested in additional information, or wishes to contribute his own suggestions or wants send complaints or concerns about any issues arising in connection with either the privacy policy or the way Petroservices Mediterranea Srl. collect personal data, can write to the data controller Petroservices Mediterranea Srl Viale Teracati 51\/L, 96100 Siracusa, Italy.<\/p>\n\n\t\t<\/div>\n\t<\/div>\n\t\t<\/div>\r\n\t<\/div>\r\n<\/div>\r\n\r\n<\/div>\r\n\r\n\t\t<\/div>\r\n\t<\/div>\r\n<\/div>\r\n\r\n\r\n\t<\/div>\r\n\r\n\r\n\n<\/section>","protected":false},"excerpt":{"rendered":"Privacy Policy Regulations currently in force Directive 95\/46\/CE \u2013 \u201con the protection of individuals with regard to the processing of personal data and on the free movement of such data\u201d. Directive 2002\/58\/CE \u2013 \u201cconcerning the processing of personal data and the protection of privacy in the electronic communications sector\u201d. Legislative Decree 30 June 2003, n. &hellip; <a href=\"https:\/\/nucliex.com\/it\/privacyold\/\" class=\"more-link\">Continue reading <span class=\"screen-reader-text\">Privacy Old<\/span><\/a>","protected":false},"author":1,"featured_media":0,"parent":0,"menu_order":0,"comment_status":"closed","ping_status":"closed","template":"","meta":{"footnotes":""},"class_list":["post-7345","page","type-page","status-publish","hentry"],"_links":{"self":[{"href":"https:\/\/nucliex.com\/it\/wp-json\/wp\/v2\/pages\/7345","targetHints":{"allow":["GET"]}}],"collection":[{"href":"https:\/\/nucliex.com\/it\/wp-json\/wp\/v2\/pages"}],"about":[{"href":"https:\/\/nucliex.com\/it\/wp-json\/wp\/v2\/types\/page"}],"author":[{"embeddable":true,"href":"https:\/\/nucliex.com\/it\/wp-json\/wp\/v2\/users\/1"}],"replies":[{"embeddable":true,"href":"https:\/\/nucliex.com\/it\/wp-json\/wp\/v2\/comments?post=7345"}],"version-history":[{"count":19,"href":"https:\/\/nucliex.com\/it\/wp-json\/wp\/v2\/pages\/7345\/revisions"}],"predecessor-version":[{"id":9418,"href":"https:\/\/nucliex.com\/it\/wp-json\/wp\/v2\/pages\/7345\/revisions\/9418"}],"wp:attachment":[{"href":"https:\/\/nucliex.com\/it\/wp-json\/wp\/v2\/media?parent=7345"}],"curies":[{"name":"wp","href":"https:\/\/api.w.org\/{rel}","templated":true}]}}