{"id":7215,"date":"2023-01-23T06:02:49","date_gmt":"2023-01-23T06:02:49","guid":{"rendered":"https:\/\/pts-med.com\/?page_id=7215"},"modified":"2025-01-08T19:55:40","modified_gmt":"2025-01-08T19:55:40","slug":"community-involvement","status":"publish","type":"page","link":"https:\/\/nucliex.com\/it\/corporate-responsibility\/community-involvement\/","title":{"rendered":"Partecipazione nella Comunit\u00e0"},"content":{"rendered":"<section class=\"wpb-content-wrapper\"><div data-vc-full-width=\"true\" data-vc-full-width-init=\"false\" data-vc-stretch-content=\"true\" class=\"ts-row wpb_row vc_row-fluid vc_custom_1677836888040 ts-total-col-2 ts-zindex-0 ts-bgcolor-grey ts-bgimage-position-center_center vc_row\">\r\n\r\n        \r\n\t\r\n\t\r\n\t\t\r\n<div class=\"ts-column wpb_column vc_column_container vc_col-sm-3 ts-zindex-0\">\r\n\t<div class=\"vc_column-inner\">\r\n\t\t\t\t<div class=\"wpb_wrapper\">\r\n\t\t\t<div  class=\"vc_wp_custommenu wpb_content_element ServiceSubMenu CorporateMenu\"><div class=\"widget widget_nav_menu\"><div class=\"menu-corporate-responsibility-menu-container\"><ul id=\"menu-corporate-responsibility-menu\" class=\"menu\"><li id=\"menu-item-8648\" class=\"menu-item menu-item-type-post_type menu-item-object-page menu-item-8648\"><a href=\"https:\/\/nucliex.com\/it\/corporate-responsibility\/\">Responsabilit\u00e0 Aziendale<\/a><\/li>\n<li id=\"menu-item-8408\" class=\"menu-item menu-item-type-post_type menu-item-object-page menu-item-8408\"><a href=\"https:\/\/nucliex.com\/it\/corporate-responsibility\/conduct-ethics\/\">Condotta &amp; Etica<\/a><\/li>\n<li id=\"menu-item-8407\" class=\"menu-item menu-item-type-post_type menu-item-object-page menu-item-8407\"><a href=\"https:\/\/nucliex.com\/it\/corporate-responsibility\/community-involvement\/\">Partecipazione nella Comunit\u00e0<\/a><\/li>\n<\/ul><\/div><\/div><\/div>\t\t<\/div>\r\n\t<\/div>\r\n<\/div>\r\n\r\n\r\n<div class=\"ts-column wpb_column vc_column_container vc_col-sm-9 ts-zindex-0\">\r\n\t<div class=\"vc_column-inner\">\r\n\t\t\t\t<div class=\"wpb_wrapper\">\r\n\t\t\t<h4 style=\"text-align:left;\" class=\"ts-custom-heading\" >WE FEEL RESPONSIBLE OF THE COMMUNITY WE WORK IN<\/h4>\n\r\n<div class=\"ts-row-inner vc_row wpb_row vc_inner vc_row-fluid ts-bgcolor-grey ts-zindex-0\">\r\n\t\r\n<div class=\"ts-column-inner wpb_column vc_column_container vc_col-sm-12 ts-zindex-0\">\r\n\t<div class=\"vc_column-inner   ts-col-bgcolor-grey ts-col-bgcolor-yes\">\r\n\t\t<div class=\"ts-col-wrapper-bg-layer ts-bg-layer\"><div class=\"ts-bg-layer-inner\"><\/div><\/div> \r\n\t\t<div class=\"wpb_wrapper\">\r\n\t\t\t\n\t<div class=\"wpb_text_column wpb_content_element\" >\n\t\t<div class=\"wpb_wrapper\">\n\t\t\t<p>NUCLIEX feels responsible for the community where works in. We encourage our employees to be active in the community by attending charitable events or even organizing special events where our company is the main sponsor. We strongly believe in the power of giving back and sharing opportunities. Since the beginnings of our company we have been involved in the community that hosts us and we made sure to become a positive part of the community, as well.<\/p>\n\n\t\t<\/div>\n\t<\/div>\n\t\t<\/div>\r\n\t<\/div>\r\n<\/div>\r\n\r\n<\/div>\r\n\r\n\t\t<\/div>\r\n\t<\/div>\r\n<\/div>\r\n\r\n\r\n\t<\/div>\r\n\r\n<div class=\"vc_row-full-width vc_clearfix\"><\/div>\r\n\r\n<div class=\"ts-row wpb_row vc_row-fluid vc_custom_1674450882902 ts-total-col-3 ts-zindex-0 vc_row container ts-bgimage-position-center_center\">\r\n\r\n        \r\n\t\r\n\t <div class=\"vc_row-o-equal-height vc_row-flex\"> \r\n\t\t\r\n<div class=\"ts-column wpb_column vc_column_container vc_col-sm-6 ts-zindex-0 ts-span ts-left-span\">\r\n\t<div class=\"vc_column-inner vc_custom_1674450497915  ts-col-bgcolor-skincolor ts-col-bgcolor-yes\">\r\n\t\t<div class=\"ts-col-wrapper-bg-layer ts-bg-layer ts-bgimage-position-center_center\"><div class=\"ts-bg-layer-inner\"><\/div><\/div>\t\t<div class=\"wpb_wrapper\">\r\n\t\t\t<h4 style=\"text-align:left;color:#09162a;\" class=\"ts-custom-heading\" >GROWING TOGETHER WITH OUR COMMUNITY<\/h4>\n\n\t<div class=\"wpb_text_column wpb_content_element\" >\n\t\t<div class=\"wpb_wrapper\">\n\t\t\t<p>Incoraggiamo anche i nostri clienti e partner a partecipare nelle comunit\u00e0 che li circondano. Dopotutto, tutti noi traiamo beneficio dalla comunit\u00e0 poich\u00e9 ci offre risorse, dipendenti professionali, la struttura per il nostro lavoro ed il giusto ambiente in cui lavorare.<\/p>\n<p>Promovendo la scolarit\u00e0 e la formazione professionale le aziende si accertano di avere in futuro dei dipendenti esperti e preparati, partner e concorrenti commerciali che non potranno che apportare un cambiamento positivo nel settore industriale.<\/p>\n<p>Coinvolgendo i nostri dipendenti e lo staff negli eventi comunitari, rafforziamo le relazioni e promuoviamo un sano senso di comunit\u00e0.<\/p>\n<p>Ultimo ma non per ultimo, essere parte di una comunit\u00e0 felice e sana permette anche a noi di diventare pi\u00f9 forti.<\/p>\n\n\t\t<\/div>\n\t<\/div>\n\t\t<\/div>\r\n\t<\/div>\r\n<\/div>\r\n\r\n\r\n<div class=\"ts-column wpb_column vc_column_container vc_col-sm-6 ts-zindex-0\">\r\n\t<div class=\"vc_column-inner vc_custom_1674450710024  ts-col-bgcolor-skincolor ts-col-bgcolor-yes\">\r\n\t\t<div class=\"ts-col-wrapper-bg-layer ts-bg-layer ts-bgimage-position-center_center\"><div class=\"ts-bg-layer-inner\"><\/div><\/div>\t\t<div class=\"wpb_wrapper\">\r\n\t\t\t\n\t<div  class=\"wpb_single_image wpb_content_element vc_align_left  vc_custom_1677255652250\">\n\t\t\n\t\t<figure class=\"wpb_wrapper vc_figure\">\n\t\t\t<div class=\"vc_single_image-wrapper   vc_box_border_grey\"><img loading=\"lazy\" decoding=\"async\" class=\"vc_single_image-img\" src=\"https:\/\/nucliex.com\/wp-content\/uploads\/2023\/02\/106257989_l-scaled-510x430.jpg\" width=\"510\" height=\"430\" alt=\"KUMASI, GHANA - JAN 15, 2017: Unidentified Ghanaian little boy takes a photo with a tourist at the Kumasi market. Ghana people suffer of poverty due to the bad economy.\" title=\"People\" \/><\/div>\n\t\t<\/figure>\n\t<\/div>\n\t\t<\/div>\r\n\t<\/div>\r\n<\/div>\r\n\r\n\r\n<div class=\"ts-column wpb_column vc_column_container vc_col-sm-12 ts-zindex-0\">\r\n\t<div class=\"vc_column-inner\">\r\n\t\t\t\t<div class=\"wpb_wrapper\">\r\n\t\t\t<div class=\"vc_separator wpb_content_element vc_separator_align_center vc_sep_width_100 vc_sep_shadow vc_sep_pos_align_center vc_separator_no_text vc_sep_color_green\" ><span class=\"vc_sep_holder vc_sep_holder_l\"><span class=\"vc_sep_line\"><\/span><\/span><span class=\"vc_sep_holder vc_sep_holder_r\"><span class=\"vc_sep_line\"><\/span><\/span>\n<\/div>\t\t<\/div>\r\n\t<\/div>\r\n<\/div>\r\n\r\n\r\n\t <\/div> <\/div>\n<\/section>","protected":false},"excerpt":{"rendered":"Corporate Responsibility Conduct &#038; Ethics Community Involvement WE FEEL RESPONSIBLE OF THE COMMUNITY WE WORK IN NUCLIEX feels responsible for the community where works in. We encourage our employees to be active in the community by attending charitable events or even organizing special events where our company is the main sponsor. We strongly believe in &hellip; <a href=\"https:\/\/nucliex.com\/it\/corporate-responsibility\/community-involvement\/\" class=\"more-link\">Continue reading <span class=\"screen-reader-text\">Partecipazione nella Comunit\u00e0<\/span><\/a>","protected":false},"author":1,"featured_media":0,"parent":7213,"menu_order":0,"comment_status":"closed","ping_status":"closed","template":"","meta":{"footnotes":""},"class_list":["post-7215","page","type-page","status-publish","hentry"],"_links":{"self":[{"href":"https:\/\/nucliex.com\/it\/wp-json\/wp\/v2\/pages\/7215","targetHints":{"allow":["GET"]}}],"collection":[{"href":"https:\/\/nucliex.com\/it\/wp-json\/wp\/v2\/pages"}],"about":[{"href":"https:\/\/nucliex.com\/it\/wp-json\/wp\/v2\/types\/page"}],"author":[{"embeddable":true,"href":"https:\/\/nucliex.com\/it\/wp-json\/wp\/v2\/users\/1"}],"replies":[{"embeddable":true,"href":"https:\/\/nucliex.com\/it\/wp-json\/wp\/v2\/comments?post=7215"}],"version-history":[{"count":13,"href":"https:\/\/nucliex.com\/it\/wp-json\/wp\/v2\/pages\/7215\/revisions"}],"predecessor-version":[{"id":9078,"href":"https:\/\/nucliex.com\/it\/wp-json\/wp\/v2\/pages\/7215\/revisions\/9078"}],"up":[{"embeddable":true,"href":"https:\/\/nucliex.com\/it\/wp-json\/wp\/v2\/pages\/7213"}],"wp:attachment":[{"href":"https:\/\/nucliex.com\/it\/wp-json\/wp\/v2\/media?parent=7215"}],"curies":[{"name":"wp","href":"https:\/\/api.w.org\/{rel}","templated":true}]}}