{"id":7213,"date":"2023-01-23T06:02:40","date_gmt":"2023-01-23T06:02:40","guid":{"rendered":"https:\/\/pts-med.com\/?page_id=7213"},"modified":"2025-01-09T07:41:47","modified_gmt":"2025-01-09T07:41:47","slug":"corporate-responsibility","status":"publish","type":"page","link":"https:\/\/nucliex.com\/it\/corporate-responsibility\/","title":{"rendered":"Responsabilit\u00e0 Aziendale"},"content":{"rendered":"<section class=\"wpb-content-wrapper\"><div data-vc-full-width=\"true\" data-vc-full-width-init=\"false\" data-vc-stretch-content=\"true\" class=\"ts-row wpb_row vc_row-fluid vc_custom_1677836215864 ts-total-col-2 ts-zindex-0 ts-bgcolor-grey ts-bgimage-position-center_center vc_row\">\r\n\r\n        \r\n\t\r\n\t\r\n\t\t\r\n<div class=\"ts-column wpb_column vc_column_container vc_col-sm-3 ts-zindex-0\">\r\n\t<div class=\"vc_column-inner vc_custom_1677836297256  ts-col-bgcolor-grey ts-col-bgcolor-yes\">\r\n\t\t<div class=\"ts-col-wrapper-bg-layer ts-bg-layer ts-bgimage-position-center_center\"><div class=\"ts-bg-layer-inner\"><\/div><\/div>\t\t<div class=\"wpb_wrapper\">\r\n\t\t\t<div  class=\"vc_wp_custommenu wpb_content_element ServiceSubMenu CorporateMenu\"><div class=\"widget widget_nav_menu\"><div class=\"menu-corporate-responsibility-menu-container\"><ul id=\"menu-corporate-responsibility-menu\" class=\"menu\"><li id=\"menu-item-8648\" class=\"menu-item menu-item-type-post_type menu-item-object-page menu-item-8648\"><a href=\"https:\/\/nucliex.com\/it\/corporate-responsibility\/\">Responsabilit\u00e0 Aziendale<\/a><\/li>\n<li id=\"menu-item-8408\" class=\"menu-item menu-item-type-post_type menu-item-object-page menu-item-8408\"><a href=\"https:\/\/nucliex.com\/it\/corporate-responsibility\/conduct-ethics\/\">Condotta &amp; Etica<\/a><\/li>\n<li id=\"menu-item-8407\" class=\"menu-item menu-item-type-post_type menu-item-object-page menu-item-8407\"><a href=\"https:\/\/nucliex.com\/it\/corporate-responsibility\/community-involvement\/\">Partecipazione nella Comunit\u00e0<\/a><\/li>\n<\/ul><\/div><\/div><\/div>\t\t<\/div>\r\n\t<\/div>\r\n<\/div>\r\n\r\n\r\n<div class=\"ts-column wpb_column vc_column_container vc_col-sm-9 ts-zindex-0\">\r\n\t<div class=\"vc_column-inner\">\r\n\t\t\t\t<div class=\"wpb_wrapper\">\r\n\t\t\t<h4 style=\"text-align:left;\" class=\"ts-custom-heading\" >OUR RESPONSIBILITIES TO THE WORLD AND TO THE COMMUNITIES<\/h4>\n\n\t<div class=\"wpb_text_column wpb_content_element\" >\n\t\t<div class=\"wpb_wrapper\">\n\t\t\t\n\t\t<\/div>\n\t<\/div>\n\r\n<div class=\"ts-row-inner vc_row wpb_row vc_inner vc_row-fluid vc_row-o-equal-height vc_row-o-content-middle vc_row-flex ts-zindex-0\">\r\n\t\r\n<div class=\"ts-column-inner wpb_column vc_column_container vc_col-sm-6 ts-zindex-0\">\r\n\t<div class=\"vc_column-inner\">\r\n\t\t \r\n\t\t<div class=\"wpb_wrapper\">\r\n\t\t\t<h4 style=\"text-align:left;\" class=\"ts-custom-heading\" >People<\/h4>\n\n\t<div class=\"wpb_text_column wpb_content_element\" >\n\t\t<div class=\"wpb_wrapper\">\n\t\t\t<p style=\"text-align: justify;\">In quanto societ\u00e0 leader, ci troviamo ad essere responsabili per la comunit\u00e0 all\u2019interno della quale lavoriamo. Incoraggiamo i nostri dipendenti ad essere attivi nella comunit\u00e0 partecipando agli eventi di beneficenza o anche organizzando eventi speciali che vedono la nostra azienda come sponsor principale.<br \/>\nCrediamo fermamente nel potere di restituire e condividere l\u2019opportunit\u00e0.<br \/>\nSin dall\u2019inizio, la nostra azienda \u00e8 stata coinvolta nella comunit\u00e0 che ci ospita e ci siamo inoltre accertati di divenire parte positiva di tale comunit\u00e0.<br \/>\nIncoraggiamo anche i nostri clienti e partner a partecipare nelle comunit\u00e0 che li circondano. Dopotutto, tutti noi traiamo beneficio dalla comunit\u00e0 poich\u00e9 ci offre risorse, dipendenti professionali, la struttura per il nostro lavoro ed il giusto ambiente in cui lavorare.<br \/>\nPromovendo la scolarit\u00e0 e la formazione professionale le aziende si accertano di avere in futuro dei dipendenti esperti e preparati, partner e concorrenti commerciali che non potranno che apportare un cambiamento positivo nel settore industriale.<\/p>\n\n\t\t<\/div>\n\t<\/div>\n\t\t<\/div>\r\n\t<\/div>\r\n<\/div>\r\n\r\n\r\n<div class=\"ts-column-inner wpb_column vc_column_container vc_col-sm-6 ts-zindex-0\">\r\n\t<div class=\"vc_column-inner\">\r\n\t\t \r\n\t\t<div class=\"wpb_wrapper\">\r\n\t\t\t<div class=\"vc_empty_space\"   style=\"height: 40px\"><span class=\"vc_empty_space_inner\"><\/span><\/div>\n\t<div  class=\"wpb_single_image wpb_content_element vc_align_left\">\n\t\t\n\t\t<figure class=\"wpb_wrapper vc_figure\">\n\t\t\t<div class=\"vc_single_image-wrapper   vc_box_border_grey\"><img loading=\"lazy\" decoding=\"async\" width=\"2560\" height=\"1707\" src=\"https:\/\/nucliex.com\/wp-content\/uploads\/2023\/02\/151917123_l-1-scaled.jpg\" class=\"vc_single_image-img attachment-full\" alt=\"\" title=\"Portrait of diverse staff lead by African leader photoshooting indoor\" srcset=\"https:\/\/nucliex.com\/wp-content\/uploads\/2023\/02\/151917123_l-1-scaled.jpg 2560w, https:\/\/nucliex.com\/wp-content\/uploads\/2023\/02\/151917123_l-1-300x200.jpg 300w, https:\/\/nucliex.com\/wp-content\/uploads\/2023\/02\/151917123_l-1-1024x683.jpg 1024w, https:\/\/nucliex.com\/wp-content\/uploads\/2023\/02\/151917123_l-1-768x512.jpg 768w, https:\/\/nucliex.com\/wp-content\/uploads\/2023\/02\/151917123_l-1-1536x1024.jpg 1536w, https:\/\/nucliex.com\/wp-content\/uploads\/2023\/02\/151917123_l-1-2048x1365.jpg 2048w, https:\/\/nucliex.com\/wp-content\/uploads\/2023\/02\/151917123_l-1-18x12.jpg 18w\" sizes=\"auto, (max-width: 2560px) 100vw, 2560px\" data-id=\"8324\" \/><\/div>\n\t\t<\/figure>\n\t<\/div>\n\t\t<\/div>\r\n\t<\/div>\r\n<\/div>\r\n\r\n<\/div>\r\n\r\n\n\t<div class=\"wpb_text_column wpb_content_element  vc_custom_1677837698142\" >\n\t\t<div class=\"wpb_wrapper\">\n\t\t\t<p style=\"text-align: justify;\">Coinvolgendo i nostri dipendenti e lo staff negli eventi comunitari, rafforziamo le relazioni e promuoviamo un sano senso di comunit\u00e0.<br \/>\nUltimo ma non per ultimo, essere parte di una comunit\u00e0 felice e sana permette anche a noi di diventare pi\u00f9 forti.<br \/>\nWe are a global company whose employees come from many different countries, backgrounds and cultures. We believe that our diversity and the engagement of our employees are a source of strength and competitive advantage. Mutual respect and tolerance are fundamental to how we work and communicate with each other. We believe that competence, performance and potential should guide our employment-related decisions, such as hiring, retention, training opportunities and promotion. We follow the applicable employment and labour laws where we do business, including wage &amp; hour, immigration, collective-bargaining, anti-discrimination, and similar employment rules.<\/p>\n\n\t\t<\/div>\n\t<\/div>\n\r\n<div class=\"ts-row-inner vc_row wpb_row vc_inner vc_row-fluid vc_row-o-equal-height vc_row-o-content-middle vc_row-flex ts-zindex-0\">\r\n\t\r\n<div class=\"ts-column-inner wpb_column vc_column_container vc_col-sm-6 ts-zindex-0\">\r\n\t<div class=\"vc_column-inner\">\r\n\t\t \r\n\t\t<div class=\"wpb_wrapper\">\r\n\t\t\t<h4 style=\"text-align:left;\" class=\"ts-custom-heading\" >Planet<\/h4>\n\n\t<div class=\"wpb_text_column wpb_content_element\" >\n\t\t<div class=\"wpb_wrapper\">\n\t\t\t<p style=\"text-align: justify;\">Continuing to invest in conservation projects and set new targets. Building on our long history of leadership in this space, we are driving reductions in greenhouse gas emissions, energy use, water use and waste generation. For example, we achieved net positive water, sustained 80% renewable energy globally and sent about 5% of our total waste to landfill.<br \/>\nCommitting to net-zero greenhouse gas emissions across our operations by 2040. We will do this even as we significantly expand our global operations. We are committed to increasing the energy efficiency and lowering the carbon footprint of NUCLIEX services and products, and to working with customers and industry partners to create solutions that lower the greenhouse gas footprint of the entire business ecosystem. Furthermore, through sustainable services practices and aggressive environmental targets, we are deeply committed to being good neighbours in the communities where we operate<\/p>\n\n\t\t<\/div>\n\t<\/div>\n\t\t<\/div>\r\n\t<\/div>\r\n<\/div>\r\n\r\n\r\n<div class=\"ts-column-inner wpb_column vc_column_container vc_col-sm-6 ts-zindex-0\">\r\n\t<div class=\"vc_column-inner\">\r\n\t\t \r\n\t\t<div class=\"wpb_wrapper\">\r\n\t\t\t<div class=\"vc_empty_space\"   style=\"height: 40px\"><span class=\"vc_empty_space_inner\"><\/span><\/div>\n\t<div  class=\"wpb_single_image wpb_content_element vc_align_left\">\n\t\t\n\t\t<figure class=\"wpb_wrapper vc_figure\">\n\t\t\t<div class=\"vc_single_image-wrapper   vc_box_border_grey\"><img loading=\"lazy\" decoding=\"async\" width=\"2560\" height=\"1709\" src=\"https:\/\/nucliex.com\/wp-content\/uploads\/2023\/02\/140117924_l-scaled.jpg\" class=\"vc_single_image-img attachment-full\" alt=\"\" title=\"Earth globe in family hands. World environment day\" srcset=\"https:\/\/nucliex.com\/wp-content\/uploads\/2023\/02\/140117924_l-scaled.jpg 2560w, https:\/\/nucliex.com\/wp-content\/uploads\/2023\/02\/140117924_l-300x200.jpg 300w, https:\/\/nucliex.com\/wp-content\/uploads\/2023\/02\/140117924_l-1024x684.jpg 1024w, https:\/\/nucliex.com\/wp-content\/uploads\/2023\/02\/140117924_l-768x513.jpg 768w, https:\/\/nucliex.com\/wp-content\/uploads\/2023\/02\/140117924_l-1536x1025.jpg 1536w, https:\/\/nucliex.com\/wp-content\/uploads\/2023\/02\/140117924_l-2048x1367.jpg 2048w, https:\/\/nucliex.com\/wp-content\/uploads\/2023\/02\/140117924_l-18x12.jpg 18w\" sizes=\"auto, (max-width: 2560px) 100vw, 2560px\" data-id=\"8326\" \/><\/div>\n\t\t<\/figure>\n\t<\/div>\n\t\t<\/div>\r\n\t<\/div>\r\n<\/div>\r\n\r\n<\/div>\r\n\r\n\r\n<div class=\"ts-row-inner vc_row wpb_row vc_inner vc_row-fluid ts-zindex-0\">\r\n\t\r\n<div class=\"ts-column-inner wpb_column vc_column_container vc_col-sm-6 ts-zindex-0\">\r\n\t<div class=\"vc_column-inner\">\r\n\t\t \r\n\t\t<div class=\"wpb_wrapper\">\r\n\t\t\t<h4 style=\"text-align:left;\" class=\"ts-custom-heading\" >Principles<\/h4>\n\n\t<div class=\"wpb_text_column wpb_content_element\" >\n\t\t<div class=\"wpb_wrapper\">\n\t\t\t<p style=\"text-align: justify;\">Avoiding Conflict Of Interests, Controllership And Money Laundering Prevention, Environment, Fair Competition And Antitrust, Ethical Global Trade, Health And Safety, Human Rights, Improper Payments Prevention, Information Technology Security, Respect for The Intellectual Property and for Confidential Information are our fundamental principles that are build in in our culture. We continue to be guided by our values and our strong governance. In NUCLIEX employees act with integrity throughout our workplace, striving to maintain ethical supply chains, and promoting respect for fundamental human rights globally. You can learn more about or principles on the Code of Conduct page<\/p>\n\n\t\t<\/div>\n\t<\/div>\n\r\n\t\t<div class=\"ts-vc_btn3-container ts-vc_btn3-inline\"><a class=\"ts-vc_general ts-vc_btn3 ts-vc_btn3-size-md ts-vc_btn3-shape-rounded ts-vc_btn3-style-3d ts-vc_btn3-weight-yes ts-vc_btn3-color-skincolor\" href=\"https:\/\/nucliex.com\/it\/corporate-responsibility\/conduct-ethics\/\" title=\"Conduct &amp; Ethics\">Learn More<\/a><\/div>\t\t<\/div>\r\n\t<\/div>\r\n<\/div>\r\n\r\n\r\n<div class=\"ts-column-inner wpb_column vc_column_container vc_col-sm-6 ts-zindex-0\">\r\n\t<div class=\"vc_column-inner\">\r\n\t\t \r\n\t\t<div class=\"wpb_wrapper\">\r\n\t\t\t<div class=\"vc_empty_space\"   style=\"height: 40px\"><span class=\"vc_empty_space_inner\"><\/span><\/div>\n\t<div  class=\"wpb_single_image wpb_content_element vc_align_left\">\n\t\t\n\t\t<figure class=\"wpb_wrapper vc_figure\">\n\t\t\t<div class=\"vc_single_image-wrapper   vc_box_border_grey\"><img loading=\"lazy\" decoding=\"async\" width=\"2560\" height=\"1440\" src=\"https:\/\/nucliex.com\/wp-content\/uploads\/2023\/02\/116479285_l-scaled.jpg\" class=\"vc_single_image-img attachment-full\" alt=\"\" title=\"Business Ethnics Philosophy Responsibility Honesty Concept. Mixed media background.\" srcset=\"https:\/\/nucliex.com\/wp-content\/uploads\/2023\/02\/116479285_l-scaled.jpg 2560w, https:\/\/nucliex.com\/wp-content\/uploads\/2023\/02\/116479285_l-300x169.jpg 300w, https:\/\/nucliex.com\/wp-content\/uploads\/2023\/02\/116479285_l-1024x576.jpg 1024w, https:\/\/nucliex.com\/wp-content\/uploads\/2023\/02\/116479285_l-768x432.jpg 768w, https:\/\/nucliex.com\/wp-content\/uploads\/2023\/02\/116479285_l-1536x864.jpg 1536w, https:\/\/nucliex.com\/wp-content\/uploads\/2023\/02\/116479285_l-2048x1152.jpg 2048w, https:\/\/nucliex.com\/wp-content\/uploads\/2023\/02\/116479285_l-18x10.jpg 18w\" sizes=\"auto, (max-width: 2560px) 100vw, 2560px\" data-id=\"8325\" \/><\/div>\n\t\t<\/figure>\n\t<\/div>\n\t\t<\/div>\r\n\t<\/div>\r\n<\/div>\r\n\r\n<\/div>\r\n\r\n\r\n<div class=\"ts-row-inner vc_row wpb_row vc_inner vc_row-fluid ts-zindex-0\">\r\n\t\r\n<div class=\"ts-column-inner wpb_column vc_column_container vc_col-sm-12 ts-zindex-0\">\r\n\t<div class=\"vc_column-inner\">\r\n\t\t \r\n\t\t<div class=\"wpb_wrapper\">\r\n\t\t\t<div class=\"vc_empty_space\"   style=\"height: 35px\"><span class=\"vc_empty_space_inner\"><\/span><\/div>\t\t<\/div>\r\n\t<\/div>\r\n<\/div>\r\n\r\n<\/div>\r\n\r\n\t\t<\/div>\r\n\t<\/div>\r\n<\/div>\r\n\r\n\r\n\t<\/div>\r\n\r\n<div class=\"vc_row-full-width vc_clearfix\"><\/div>\r\n\r\n<div class=\"ts-row wpb_row vc_row-fluid vc_custom_1674450882902 ts-total-col-3 ts-zindex-0 vc_row container ts-bgimage-position-center_center\">\r\n\r\n        \r\n\t\r\n\t <div class=\"vc_row-o-equal-height vc_row-flex\"> \r\n\t\t\r\n<div class=\"ts-column wpb_column vc_column_container vc_col-sm-6 ts-zindex-0 ts-span ts-left-span ts-shadow-row\">\r\n\t<div class=\"vc_column-inner vc_custom_1677257056163  ts-col-bgcolor-skincolor ts-col-bgcolor-yes\">\r\n\t\t<div class=\"ts-col-wrapper-bg-layer ts-bg-layer ts-bgimage-position-center_center\"><div class=\"ts-bg-layer-inner\"><\/div><\/div>\t\t<div class=\"wpb_wrapper\">\r\n\t\t\t<h4 style=\"text-align:left;color:#09162a;\" class=\"ts-custom-heading\" >LETTER FROM THE CEO<\/h4>\n\n\t<div class=\"wpb_text_column wpb_content_element\" >\n\t\t<div class=\"wpb_wrapper\">\n\t\t\t<p>At NUCLIEX, our purpose is to build world-changing technology that improves the life of all our stakeholders including but not limited to employees and local communities. We strive every day to make a positive global impact and be good corporate citizens.<\/p>\n<p>Today\u2019s challenges are many and immense. We are still struggling with a global pandemic, social injustice, wars, the detrimental effects of climate change and so much more. Against this global landscape, it is imperative that we work together as an industry to harness the power of technology and ensure it is being used as a force for good. I am extremely proud of NUCLIEX\u2019s long-standing leadership in corporate responsibility and sustainability, including initiatives in diversity and inclusion, education, and philanthropy. Our focus helps us contribute responsible, inclusive and sustainable practices across our operations, products and supply chain. The passion and expertise of our employees, energized by our purpose, are accelerating our collective contributions to the world.<\/p>\n<p>Our Corporate Responsibility outlines our progress on the 2030 goals we laid out two years ago. I am proud of our accomplishments, including:<\/p>\n<p><strong>Continuing to invest<\/strong> in conservation projects and set new targets. Building on our long history of leadership in this space, we are driving reductions in greenhouse gas emissions, energy use, water use and waste generation. For example, we achieved net positive water, sustained 80% renewable energy globally and sent about 5% of our total waste to landfill.<\/p>\n<p><strong>Accelerating efforts and commitment on the Alliance for Global Inclusion<\/strong>.<\/p>\n<p><strong>Evolving our Pandemic Response Initiative (PRI)<\/strong>. This has now become our NUCLIEX funds projects related to healthcare, education and the economy, with dedicated work streams for social equity and human rights, accessibility and climate action. The IRI is a purpose-driven platform for action backed by a 2% net revenues commitment.<\/p>\n<p><strong>Committing to net-zero greenhouse gas emissions a<\/strong>cross our operations by 2040. We will do this even as we significantly expand our global operations. We are committed to increasing the energy efficiency and lowering the carbon footprint of NUCLIEX services and products, and to working with customers and industry partners to create solutions that lower the greenhouse gas footprint of the entire business ecosystem. Furthermore, through sustainable services practices and aggressive environmental targets, we are deeply committed to being good neighbors in the communities where we operate.<\/p>\n<p><strong>Making a 2% of net revenues investment to establish education and research collaborations<\/strong>. Working with the international organization promoting construction of new schools in developing countries.<\/p>\n<p><strong>Maximizing existing talent while building a diverse talent pipeline across our industry<\/strong>. Despite talent leaving the workforce in the wake of COVID-19 and drops in higher education enrollment, our 2030 goals remain unchanged. We will work to maximize existing talent while building a diverse talent pipeline across our industry.<\/p>\n<p><strong>Driving positive impact in supply chain responsibility<\/strong>.<\/p>\n<p>We have made incredible strides over the past years, but there is still much to do. We are just getting started.<\/p>\n\n\t\t<\/div>\n\t<\/div>\n\t\t<\/div>\r\n\t<\/div>\r\n<\/div>\r\n\r\n\r\n<div class=\"ts-column wpb_column vc_column_container vc_col-sm-6 ts-zindex-0\">\r\n\t<div class=\"vc_column-inner vc_custom_1674450710024  ts-col-bgcolor-skincolor ts-col-bgcolor-yes\">\r\n\t\t<div class=\"ts-col-wrapper-bg-layer ts-bg-layer ts-bgimage-position-center_center\"><div class=\"ts-bg-layer-inner\"><\/div><\/div>\t\t<div class=\"wpb_wrapper\">\r\n\t\t\t\n\t<div  class=\"wpb_single_image wpb_content_element vc_align_left  vc_custom_1676933051199\">\n\t\t\n\t\t<figure class=\"wpb_wrapper vc_figure\">\n\t\t\t<div class=\"vc_single_image-wrapper   vc_box_border_grey\"><img loading=\"lazy\" decoding=\"async\" class=\"vc_single_image-img\" src=\"https:\/\/nucliex.com\/wp-content\/uploads\/2018\/07\/C151125LS_84-510x430.jpg\" width=\"510\" height=\"430\" alt=\"C151125LS_84\" title=\"C151125LS_84\" \/><\/div>\n\t\t<\/figure>\n\t<\/div>\n\t\t<\/div>\r\n\t<\/div>\r\n<\/div>\r\n\r\n\r\n<div class=\"ts-column wpb_column vc_column_container vc_col-sm-12 ts-zindex-0\">\r\n\t<div class=\"vc_column-inner\">\r\n\t\t\t\t<div class=\"wpb_wrapper\">\r\n\t\t\t<div class=\"vc_separator wpb_content_element vc_separator_align_center vc_sep_width_100 vc_sep_shadow vc_sep_pos_align_center vc_separator_no_text vc_sep_color_green\" ><span class=\"vc_sep_holder vc_sep_holder_l\"><span class=\"vc_sep_line\"><\/span><\/span><span class=\"vc_sep_holder vc_sep_holder_r\"><span class=\"vc_sep_line\"><\/span><\/span>\n<\/div>\t\t<\/div>\r\n\t<\/div>\r\n<\/div>\r\n\r\n\r\n\t <\/div> <\/div>\n<\/section>","protected":false},"excerpt":{"rendered":"Corporate Responsibility Conduct &#038; Ethics Community Involvement OUR RESPONSIBILITIES TO THE WORLD AND TO THE COMMUNITIES People As a leader in the oil and gas industry we find ourselves responsible for the community we work in. We encourage our employees to be active in the community by attending charitable events or even organizing special events &hellip; <a href=\"https:\/\/nucliex.com\/it\/corporate-responsibility\/\" class=\"more-link\">Continue reading <span class=\"screen-reader-text\">Responsabilit\u00e0 Aziendale<\/span><\/a>","protected":false},"author":1,"featured_media":0,"parent":0,"menu_order":0,"comment_status":"closed","ping_status":"closed","template":"","meta":{"footnotes":""},"class_list":["post-7213","page","type-page","status-publish","hentry"],"_links":{"self":[{"href":"https:\/\/nucliex.com\/it\/wp-json\/wp\/v2\/pages\/7213","targetHints":{"allow":["GET"]}}],"collection":[{"href":"https:\/\/nucliex.com\/it\/wp-json\/wp\/v2\/pages"}],"about":[{"href":"https:\/\/nucliex.com\/it\/wp-json\/wp\/v2\/types\/page"}],"author":[{"embeddable":true,"href":"https:\/\/nucliex.com\/it\/wp-json\/wp\/v2\/users\/1"}],"replies":[{"embeddable":true,"href":"https:\/\/nucliex.com\/it\/wp-json\/wp\/v2\/comments?post=7213"}],"version-history":[{"count":54,"href":"https:\/\/nucliex.com\/it\/wp-json\/wp\/v2\/pages\/7213\/revisions"}],"predecessor-version":[{"id":9106,"href":"https:\/\/nucliex.com\/it\/wp-json\/wp\/v2\/pages\/7213\/revisions\/9106"}],"wp:attachment":[{"href":"https:\/\/nucliex.com\/it\/wp-json\/wp\/v2\/media?parent=7213"}],"curies":[{"name":"wp","href":"https:\/\/api.w.org\/{rel}","templated":true}]}}